{"id":9738,"date":"2023-11-20T11:19:21","date_gmt":"2023-11-20T14:19:21","guid":{"rendered":"https:\/\/gbs.gl\/?page_id=9738"},"modified":"2024-11-20T13:34:48","modified_gmt":"2024-11-20T16:34:48","slug":"om-gbs","status":"publish","type":"page","link":"https:\/\/gbs.gl\/da\/om-gbs\/","title":{"rendered":"Om GBS"},"content":{"rendered":"\t\t<div data-elementor-type=\"wp-page\" data-elementor-id=\"9738\" class=\"elementor elementor-9738\" data-elementor-post-type=\"page\">\n\t\t\t\t\t\t<section class=\"elementor-section elementor-top-section elementor-element elementor-element-34bd3e4 elementor-section-boxed elementor-section-height-default elementor-section-height-default\" data-id=\"34bd3e4\" data-element_type=\"section\" data-e-type=\"section\">\n\t\t\t\t\t\t<div class=\"elementor-container elementor-column-gap-default\">\n\t\t\t\t\t<div class=\"elementor-column elementor-col-100 elementor-top-column elementor-element elementor-element-7a54a4e\" data-id=\"7a54a4e\" data-element_type=\"column\" data-e-type=\"column\">\n\t\t\t<div class=\"elementor-widget-wrap elementor-element-populated\">\n\t\t\t\t\t\t<div class=\"elementor-element elementor-element-cb51190 elementor-widget elementor-widget-spacer\" data-id=\"cb51190\" data-element_type=\"widget\" data-e-type=\"widget\" data-widget_type=\"spacer.default\">\n\t\t\t\t<div class=\"elementor-widget-container\">\n\t\t\t\t\t\t\t<div class=\"elementor-spacer\">\n\t\t\t<div class=\"elementor-spacer-inner\"><\/div>\n\t\t<\/div>\n\t\t\t\t\t\t<\/div>\n\t\t\t\t<\/div>\n\t\t\t\t\t<\/div>\n\t\t<\/div>\n\t\t\t\t\t<\/div>\n\t\t<\/section>\n\t\t\t\t<section class=\"elementor-section elementor-top-section elementor-element elementor-element-6c2f74c elementor-section-boxed elementor-section-height-default elementor-section-height-default\" data-id=\"6c2f74c\" data-element_type=\"section\" data-e-type=\"section\" data-settings=\"{&quot;background_background&quot;:&quot;classic&quot;}\">\n\t\t\t\t\t\t<div class=\"elementor-container elementor-column-gap-default\">\n\t\t\t\t\t<div class=\"elementor-column elementor-col-100 elementor-top-column elementor-element elementor-element-7864ce5\" data-id=\"7864ce5\" data-element_type=\"column\" data-e-type=\"column\">\n\t\t\t<div class=\"elementor-widget-wrap elementor-element-populated\">\n\t\t\t\t\t\t<div class=\"elementor-element elementor-element-466469a elementor-widget__width-inherit elementor-widget elementor-widget-heading\" data-id=\"466469a\" data-element_type=\"widget\" data-e-type=\"widget\" data-widget_type=\"heading.default\">\n\t\t\t\t<div class=\"elementor-widget-container\">\n\t\t\t\t\t<h2 class=\"elementor-heading-title elementor-size-default\">OM skolen<\/h2>\t\t\t\t<\/div>\n\t\t\t\t<\/div>\n\t\t\t\t\t<\/div>\n\t\t<\/div>\n\t\t\t\t\t<\/div>\n\t\t<\/section>\n\t\t<div class=\"elementor-element elementor-element-6e6e9ad e-flex e-con-boxed e-con e-parent\" data-id=\"6e6e9ad\" data-element_type=\"container\" data-e-type=\"container\" data-settings=\"{&quot;background_background&quot;:&quot;classic&quot;}\">\n\t\t\t\t\t<div class=\"e-con-inner\">\n\t\t<div class=\"elementor-element elementor-element-9281de2 e-con-full e-flex e-con e-child\" data-id=\"9281de2\" data-element_type=\"container\" data-e-type=\"container\">\n\t\t\t\t<div class=\"elementor-element elementor-element-74b7da9 elementor-widget elementor-widget-image\" data-id=\"74b7da9\" data-element_type=\"widget\" data-e-type=\"widget\" data-widget_type=\"image.default\">\n\t\t\t\t<div class=\"elementor-widget-container\">\n\t\t\t\t\t\t\t\t\t\t\t\t\t\t\t<img fetchpriority=\"high\" decoding=\"async\" width=\"800\" height=\"600\" src=\"https:\/\/gbs.gl\/wp-content\/uploads\/2023\/11\/1.png\" class=\"attachment-large size-large wp-image-9740\" alt=\"\" srcset=\"https:\/\/gbs.gl\/wp-content\/uploads\/2023\/11\/1.png 800w, https:\/\/gbs.gl\/wp-content\/uploads\/2023\/11\/1-300x225.png 300w, https:\/\/gbs.gl\/wp-content\/uploads\/2023\/11\/1-768x576.png 768w, https:\/\/gbs.gl\/wp-content\/uploads\/2023\/11\/1-16x12.png 16w\" sizes=\"(max-width: 800px) 100vw, 800px\" \/>\t\t\t\t\t\t\t\t\t\t\t\t\t\t\t<\/div>\n\t\t\t\t<\/div>\n\t\t\t\t<\/div>\n\t\t<div class=\"elementor-element elementor-element-3585979 e-con-full e-flex e-con e-child\" data-id=\"3585979\" data-element_type=\"container\" data-e-type=\"container\">\n\t\t\t\t<div class=\"elementor-element elementor-element-0d8e679 elementor-widget elementor-widget-text-editor\" data-id=\"0d8e679\" data-element_type=\"widget\" data-e-type=\"widget\" data-widget_type=\"text-editor.default\">\n\t\t\t\t<div class=\"elementor-widget-container\">\n\t\t\t\t\t\t\t\t\t<p>Greenland Business School (tidligere Niuernermik Ilinniarfik), skiftede navn i 2023 i forl\u00e6ngelse af en strategi og \u00f8nske om international appel og konkurrencedygtighed. Med fundamentet placeret dybt i det gr\u00f8nlandske samfund vil skolen str\u00e6be efter internationale standarder og tiltr\u00e6kke s\u00e5 vel studerende som undervisere af tilsvarende kaliber.<\/p>\t\t\t\t\t\t\t\t<\/div>\n\t\t\t\t<\/div>\n\t\t\t\t<\/div>\n\t\t\t\t\t<\/div>\n\t\t\t\t<\/div>\n\t\t\t\t<section class=\"elementor-section elementor-top-section elementor-element elementor-element-cbc66f9 elementor-section-boxed elementor-section-height-default elementor-section-height-default\" data-id=\"cbc66f9\" data-element_type=\"section\" data-e-type=\"section\" data-settings=\"{&quot;background_background&quot;:&quot;classic&quot;}\">\n\t\t\t\t\t\t<div class=\"elementor-container elementor-column-gap-default\">\n\t\t\t\t\t<div class=\"elementor-column elementor-col-100 elementor-top-column elementor-element elementor-element-bf08740\" data-id=\"bf08740\" data-element_type=\"column\" data-e-type=\"column\">\n\t\t\t<div class=\"elementor-widget-wrap elementor-element-populated\">\n\t\t\t\t\t\t<div class=\"elementor-element elementor-element-f56e029 elementor-widget elementor-widget-spacer\" data-id=\"f56e029\" data-element_type=\"widget\" data-e-type=\"widget\" data-widget_type=\"spacer.default\">\n\t\t\t\t<div class=\"elementor-widget-container\">\n\t\t\t\t\t\t\t<div class=\"elementor-spacer\">\n\t\t\t<div class=\"elementor-spacer-inner\"><\/div>\n\t\t<\/div>\n\t\t\t\t\t\t<\/div>\n\t\t\t\t<\/div>\n\t\t\t\t\t<\/div>\n\t\t<\/div>\n\t\t\t\t\t<\/div>\n\t\t<\/section>\n\t\t<div class=\"elementor-element elementor-element-33330ec e-flex e-con-boxed e-con e-parent\" data-id=\"33330ec\" data-element_type=\"container\" data-e-type=\"container\" data-settings=\"{&quot;background_background&quot;:&quot;classic&quot;}\">\n\t\t\t\t\t<div class=\"e-con-inner\">\n\t\t<div class=\"elementor-element elementor-element-2434df2 e-con-full e-flex e-con e-child\" data-id=\"2434df2\" data-element_type=\"container\" data-e-type=\"container\">\n\t\t\t\t<div class=\"elementor-element elementor-element-c2e85a8 elementor-widget elementor-widget-text-editor\" data-id=\"c2e85a8\" data-element_type=\"widget\" data-e-type=\"widget\" data-widget_type=\"text-editor.default\">\n\t\t\t\t<div class=\"elementor-widget-container\">\n\t\t\t\t\t\t\t\t\t<p>Inden Niuernermik Ilinniarfik \u00e5bnede i Nuuk var der ikke mulighed for at uddanne sig inden for det merkantile omr\u00e5de hvis man var bosat i Gr\u00f8nland. I stedet var man n\u00f8dsaget til at rejse til Ikast for at uddanne sig.<\/p>\t\t\t\t\t\t\t\t<\/div>\n\t\t\t\t<\/div>\n\t\t\t\t<div class=\"elementor-element elementor-element-c7bd2b8 no-margin elementor-widget-divider--view-line elementor-widget elementor-widget-divider\" data-id=\"c7bd2b8\" data-element_type=\"widget\" data-e-type=\"widget\" data-widget_type=\"divider.default\">\n\t\t\t\t<div class=\"elementor-widget-container\">\n\t\t\t\t\t\t\t<div class=\"elementor-divider\">\n\t\t\t<span class=\"elementor-divider-separator\">\n\t\t\t\t\t\t<\/span>\n\t\t<\/div>\n\t\t\t\t\t\t<\/div>\n\t\t\t\t<\/div>\n\t\t\t\t<\/div>\n\t\t<div class=\"elementor-element elementor-element-f48aa5c e-con-full e-flex e-con e-child\" data-id=\"f48aa5c\" data-element_type=\"container\" data-e-type=\"container\">\n\t\t\t\t<div class=\"elementor-element elementor-element-1eacd41 elementor-widget elementor-widget-image\" data-id=\"1eacd41\" data-element_type=\"widget\" data-e-type=\"widget\" data-widget_type=\"image.default\">\n\t\t\t\t<div class=\"elementor-widget-container\">\n\t\t\t\t\t\t\t\t\t\t\t\t\t\t\t<img decoding=\"async\" width=\"486\" height=\"318\" src=\"https:\/\/gbs.gl\/wp-content\/uploads\/2023\/11\/Billede2.png\" class=\"attachment-full size-full wp-image-9741\" alt=\"\" srcset=\"https:\/\/gbs.gl\/wp-content\/uploads\/2023\/11\/Billede2.png 486w, https:\/\/gbs.gl\/wp-content\/uploads\/2023\/11\/Billede2-300x196.png 300w, https:\/\/gbs.gl\/wp-content\/uploads\/2023\/11\/Billede2-18x12.png 18w\" sizes=\"(max-width: 486px) 100vw, 486px\" \/>\t\t\t\t\t\t\t\t\t\t\t\t\t\t\t<\/div>\n\t\t\t\t<\/div>\n\t\t\t\t<\/div>\n\t\t\t\t\t<\/div>\n\t\t\t\t<\/div>\n\t\t<div class=\"elementor-element elementor-element-d4f9602 e-flex e-con-boxed e-con e-parent\" data-id=\"d4f9602\" data-element_type=\"container\" data-e-type=\"container\">\n\t\t\t\t\t<div class=\"e-con-inner\">\n\t\t\t\t<div class=\"elementor-element elementor-element-d548d72 elementor-widget elementor-widget-spacer\" data-id=\"d548d72\" data-element_type=\"widget\" data-e-type=\"widget\" data-widget_type=\"spacer.default\">\n\t\t\t\t<div class=\"elementor-widget-container\">\n\t\t\t\t\t\t\t<div class=\"elementor-spacer\">\n\t\t\t<div class=\"elementor-spacer-inner\"><\/div>\n\t\t<\/div>\n\t\t\t\t\t\t<\/div>\n\t\t\t\t<\/div>\n\t\t\t\t\t<\/div>\n\t\t\t\t<\/div>\n\t\t\t\t<section class=\"elementor-section elementor-top-section elementor-element elementor-element-7b722263 elementor-section-boxed elementor-section-height-default elementor-section-height-default\" data-id=\"7b722263\" data-element_type=\"section\" data-e-type=\"section\" data-settings=\"{&quot;background_background&quot;:&quot;classic&quot;}\">\n\t\t\t\t\t\t<div class=\"elementor-container elementor-column-gap-default\">\n\t\t\t\t\t<div class=\"elementor-column elementor-col-33 elementor-top-column elementor-element elementor-element-712d11bd\" data-id=\"712d11bd\" data-element_type=\"column\" data-e-type=\"column\">\n\t\t\t<div class=\"elementor-widget-wrap elementor-element-populated\">\n\t\t\t\t\t\t<div class=\"elementor-element elementor-element-bcb39b5 elementor-widget elementor-widget-heading\" data-id=\"bcb39b5\" data-element_type=\"widget\" data-e-type=\"widget\" data-widget_type=\"heading.default\">\n\t\t\t\t<div class=\"elementor-widget-container\">\n\t\t\t\t\t<h2 class=\"elementor-heading-title elementor-size-default\">Sagt om GBS<\/h2>\t\t\t\t<\/div>\n\t\t\t\t<\/div>\n\t\t\t\t\t<\/div>\n\t\t<\/div>\n\t\t\t\t<div class=\"elementor-column elementor-col-66 elementor-top-column elementor-element elementor-element-69702023\" data-id=\"69702023\" data-element_type=\"column\" data-e-type=\"column\">\n\t\t\t<div class=\"elementor-widget-wrap elementor-element-populated\">\n\t\t\t\t\t\t<div class=\"elementor-element elementor-element-186acfc elementor-testimonial--layout-image_left elementor-testimonial--align-left elementor-testimonial--skin-default elementor-widget elementor-widget-testimonial-carousel\" data-id=\"186acfc\" data-element_type=\"widget\" data-e-type=\"widget\" data-settings=\"{&quot;slides_to_scroll&quot;:&quot;1&quot;,&quot;autoplay_speed&quot;:&quot;3500&quot;,&quot;space_between&quot;:{&quot;unit&quot;:&quot;px&quot;,&quot;size&quot;:40,&quot;sizes&quot;:[]},&quot;slides_per_view_tablet&quot;:&quot;1&quot;,&quot;slides_per_view_mobile&quot;:&quot;1&quot;,&quot;speed&quot;:500,&quot;autoplay&quot;:&quot;yes&quot;,&quot;loop&quot;:&quot;yes&quot;,&quot;pause_on_hover&quot;:&quot;yes&quot;,&quot;pause_on_interaction&quot;:&quot;yes&quot;,&quot;space_between_tablet&quot;:{&quot;unit&quot;:&quot;px&quot;,&quot;size&quot;:10,&quot;sizes&quot;:[]},&quot;space_between_mobile&quot;:{&quot;unit&quot;:&quot;px&quot;,&quot;size&quot;:10,&quot;sizes&quot;:[]}}\" data-widget_type=\"testimonial-carousel.default\">\n\t\t\t\t<div class=\"elementor-widget-container\">\n\t\t\t\t\t\t\t\t\t<div class=\"elementor-swiper\">\n\t\t\t\t\t<div class=\"elementor-main-swiper swiper\" role=\"region\" aria-roledescription=\"carousel\" aria-label=\"Dias (slides)\">\n\t\t\t\t<div class=\"swiper-wrapper\">\n\t\t\t\t\t\t\t\t\t\t\t<div class=\"swiper-slide\" role=\"group\" aria-roledescription=\"slide\">\n\t\t\t\t\t\t\t\t\t<div class=\"elementor-testimonial\">\n\t\t\t\t\t\t\t<div class=\"elementor-testimonial__content\">\n\t\t\t\t\t<div class=\"elementor-testimonial__text\">\n\t\t\t\t\t\t\u201dJeg kunne rigtig godt lide kombinationen af teori og praksis p\u00e5 skolen. Uddannelsen kr\u00e6ver rigtig meget gruppearbejde, p\u00e5 den m\u00e5de l\u00e6rte man at tage ansvar for hinanden og sikre, at alle var med. Det sociale sammenhold er i top, og man f\u00e5r venner for livet.\u201d\t\t\t\t\t<\/div>\n\t\t\t\t\t<cite class=\"elementor-testimonial__cite\"><span class=\"elementor-testimonial__name\">Charlotte Ludvigsen<\/span><span class=\"elementor-testimonial__title\">Tidligere Borgmester Kommuneqarfik Sermersooq<\/span><\/cite>\t\t\t\t<\/div>\n\t\t\t\t\t\t<div class=\"elementor-testimonial__footer\">\n\t\t\t\t\t\t\t\t\t\t\t<\/div>\n\t\t<\/div>\n\t\t\t\t\t\t\t\t<\/div>\n\t\t\t\t\t\t\t\t\t\t\t<div class=\"swiper-slide\" role=\"group\" aria-roledescription=\"slide\">\n\t\t\t\t\t\t\t\t\t<div class=\"elementor-testimonial\">\n\t\t\t\t\t\t\t<div class=\"elementor-testimonial__content\">\n\t\t\t\t\t<div class=\"elementor-testimonial__text\">\n\t\t\t\t\t\t\u201d Vi skal uddanne unge, s\u00e5 de i fremtiden kan v\u00e6re med til at skabe endnu st\u00f8rre grundlag for en selvb\u00e6rende \u00f8konomi og Gr\u00f8nlands selvst\u00e6ndighed\u201d \t\t\t\t\t<\/div>\n\t\t\t\t\t<cite class=\"elementor-testimonial__cite\"><span class=\"elementor-testimonial__name\">M\u00fate B. Egede<\/span><span class=\"elementor-testimonial__title\">Landsstyreformand<\/span><\/cite>\t\t\t\t<\/div>\n\t\t\t\t\t\t<div class=\"elementor-testimonial__footer\">\n\t\t\t\t\t\t\t\t\t\t\t<\/div>\n\t\t<\/div>\n\t\t\t\t\t\t\t\t<\/div>\n\t\t\t\t\t\t\t\t\t<\/div>\n\t\t\t\t\t\t\t\t\t\t\t\t\t\t\t\t\t\t\t\t\t<\/div>\n\t\t\t\t<\/div>\n\t\t\t\t\t\t\t\t<\/div>\n\t\t\t\t<\/div>\n\t\t\t\t\t<\/div>\n\t\t<\/div>\n\t\t\t\t\t<\/div>\n\t\t<\/section>\n\t\t<div class=\"elementor-element elementor-element-8456dcc e-flex e-con-boxed e-con e-parent\" data-id=\"8456dcc\" data-element_type=\"container\" data-e-type=\"container\" data-settings=\"{&quot;background_background&quot;:&quot;classic&quot;}\">\n\t\t\t\t\t<div class=\"e-con-inner\">\n\t\t<div class=\"elementor-element elementor-element-bed2fc6 e-con-full e-flex e-con e-child\" data-id=\"bed2fc6\" data-element_type=\"container\" data-e-type=\"container\">\n\t\t\t\t<div class=\"elementor-element elementor-element-82f2ccf elementor-widget elementor-widget-image\" data-id=\"82f2ccf\" data-element_type=\"widget\" data-e-type=\"widget\" data-widget_type=\"image.default\">\n\t\t\t\t<div class=\"elementor-widget-container\">\n\t\t\t\t\t\t\t\t\t\t\t\t\t\t\t<img decoding=\"async\" width=\"930\" height=\"500\" src=\"https:\/\/gbs.gl\/wp-content\/uploads\/2023\/11\/3.jpg\" class=\"attachment-large size-large wp-image-9745\" alt=\"\" srcset=\"https:\/\/gbs.gl\/wp-content\/uploads\/2023\/11\/3.jpg 930w, https:\/\/gbs.gl\/wp-content\/uploads\/2023\/11\/3-300x161.jpg 300w, https:\/\/gbs.gl\/wp-content\/uploads\/2023\/11\/3-768x413.jpg 768w, https:\/\/gbs.gl\/wp-content\/uploads\/2023\/11\/3-18x10.jpg 18w\" sizes=\"(max-width: 930px) 100vw, 930px\" \/>\t\t\t\t\t\t\t\t\t\t\t\t\t\t\t<\/div>\n\t\t\t\t<\/div>\n\t\t\t\t<\/div>\n\t\t<div class=\"elementor-element elementor-element-0857546 e-con-full e-flex e-con e-child\" data-id=\"0857546\" data-element_type=\"container\" data-e-type=\"container\">\n\t\t\t\t<div class=\"elementor-element elementor-element-3069965 elementor-widget__width-inherit elementor-widget elementor-widget-heading\" data-id=\"3069965\" data-element_type=\"widget\" data-e-type=\"widget\" data-widget_type=\"heading.default\">\n\t\t\t\t<div class=\"elementor-widget-container\">\n\t\t\t\t\t<p class=\"elementor-heading-title elementor-size-default\">I dag<\/p>\t\t\t\t<\/div>\n\t\t\t\t<\/div>\n\t\t\t\t<div class=\"elementor-element elementor-element-f68f9c7 elementor-widget elementor-widget-text-editor\" data-id=\"f68f9c7\" data-element_type=\"widget\" data-e-type=\"widget\" data-widget_type=\"text-editor.default\">\n\t\t\t\t<div class=\"elementor-widget-container\">\n\t\t\t\t\t\t\t\t\t<p>Greenland Business School tilbyder i dag en bred vifte af erhvervsrettede uddannelser herunder TNI, MerX, AU og BA. Se alle uddannelserne <a href=\"https:\/\/gbs.gl\/da\/uddannelser\/\">her<\/a>.<\/p><p>Som skole prioriterer vi at tilbyde de studerende en erhvervsrettet og praksisbaseret uddannelse indenfor deres fagomr\u00e5de, s\u00e5 deres kvalifikationer kan bliver aktiveret direkte efter fuldendt uddannelse.<\/p><p>P\u00e5 \u00e5rlig basis dimitterer ca. 150 studerende fra skolen, hvoraf mange enten forts\u00e6tter deres uddannelsesforl\u00f8b p\u00e5 skolen eller starter direkte i job, typisk i forl\u00e6ngelse af deres praktikforl\u00f8b.<\/p>\t\t\t\t\t\t\t\t<\/div>\n\t\t\t\t<\/div>\n\t\t\t\t<\/div>\n\t\t\t\t\t<\/div>\n\t\t\t\t<\/div>\n\t\t<div class=\"elementor-element elementor-element-7ed3389 e-flex e-con-boxed e-con e-parent\" data-id=\"7ed3389\" data-element_type=\"container\" data-e-type=\"container\">\n\t\t\t\t\t<div class=\"e-con-inner\">\n\t\t\t\t<div class=\"elementor-element elementor-element-afa26d9 elementor-widget elementor-widget-spacer\" data-id=\"afa26d9\" data-element_type=\"widget\" data-e-type=\"widget\" data-widget_type=\"spacer.default\">\n\t\t\t\t<div class=\"elementor-widget-container\">\n\t\t\t\t\t\t\t<div class=\"elementor-spacer\">\n\t\t\t<div class=\"elementor-spacer-inner\"><\/div>\n\t\t<\/div>\n\t\t\t\t\t\t<\/div>\n\t\t\t\t<\/div>\n\t\t\t\t\t<\/div>\n\t\t\t\t<\/div>\n\t\t<div class=\"elementor-element elementor-element-8e53e68 e-flex e-con-boxed e-con e-parent\" data-id=\"8e53e68\" data-element_type=\"container\" data-e-type=\"container\">\n\t\t\t\t\t<div class=\"e-con-inner\">\n\t\t\t\t<div class=\"elementor-element elementor-element-a1a45e4 elementor-widget__width-inherit elementor-widget elementor-widget-heading\" data-id=\"a1a45e4\" data-element_type=\"widget\" data-e-type=\"widget\" data-widget_type=\"heading.default\">\n\t\t\t\t<div class=\"elementor-widget-container\">\n\t\t\t\t\t<h2 class=\"elementor-heading-title elementor-size-default\">40+ \u00e5r med handelseskolen<\/h2>\t\t\t\t<\/div>\n\t\t\t\t<\/div>\n\t\t\t\t\t<\/div>\n\t\t\t\t<\/div>\n\t\t<div class=\"elementor-element elementor-element-6d4c5b8 e-flex e-con-boxed e-con e-parent\" data-id=\"6d4c5b8\" data-element_type=\"container\" data-e-type=\"container\">\n\t\t\t\t\t<div class=\"e-con-inner\">\n\t\t\t\t<div class=\"elementor-element elementor-element-d7468cb elementor-widget elementor-widget-text-editor\" data-id=\"d7468cb\" data-element_type=\"widget\" data-e-type=\"widget\" data-widget_type=\"text-editor.default\">\n\t\t\t\t<div class=\"elementor-widget-container\">\n\t\t\t\t\t\t\t\t\t<p>D. 31 august 2019 fejrede Greenland Business School sit 40 \u00e5rs jubil\u00e6um. Hvad der startede med hjemtagelse af et 8 ugers kursus i 1978, har gennem \u00e5rene udviklet sig til en uddannelsesinstitution, der i dag udbyder en lang r\u00e6kke uddannelser og kurser, der l\u00f8bende tilpasses arbejdsmarkedet og de kompetencer, som virksomheder og organisationer eftersp\u00f8rger.<\/p><p>Hver dag tr\u00e6der 400 elever ind af d\u00f8ren til den hhv. bl\u00e5 og r\u00f8de bygning p\u00e5 Aqqusinersuaq 18 i Nuuk. Nogle for at gennemf\u00f8re en studieforberedende uddannelse, andre for at dygtigg\u00f8re sig p\u00e5 akademiuddannelserne. P\u00e5 Greenland Business School kan eleverne gennemf\u00f8re uddannelse fra folkeskoleniveau og til professionsbachelor og forh\u00e5bentlig med tiden tilknyttede master og ph.d.-forl\u00f8b.<\/p><p>De seneste \u00e5r er antallet af ans\u00f8gere til erhvervsuddannelserne steget med 10% om \u00e5ret, og mange elever \u00f8nsker at gennemf\u00f8re uddannelser p\u00e5 h\u00f8jere niveau i Gr\u00f8nland. Samtidig eftersp\u00f8rger erhvervslivet medarbejdere, der har h\u00f8j faglighed indenfor \u00f8konomi, administration og handel. Vi fors\u00f8ger at l\u00f8se de udfordringer, vi ser i samfundet. Samtidig \u00f8nsker vi at levere det, som erhvervslivet har brug for. Det g\u00f8r vi gennem et t\u00e6t samspil med erhvervslivet og virksomheder, der l\u00f8bende involveres i vores uddannelsesforl\u00f8b og fremtidige planer.<\/p>\t\t\t\t\t\t\t\t<\/div>\n\t\t\t\t<\/div>\n\t\t\t\t\t<\/div>\n\t\t\t\t<\/div>\n\t\t\t\t<\/div>\n\t\t","protected":false},"excerpt":{"rendered":"<p>OM skolen Greenland Business School (tidligere Niuernermik Ilinniarfik), skiftede navn i 2023 i forl\u00e6ngelse af en strategi og \u00f8nske om international appel og konkurrencedygtighed. Med fundamentet placeret dybt i det gr\u00f8nlandske samfund vil skolen str\u00e6be efter internationale standarder og tiltr\u00e6kke s\u00e5 vel studerende som undervisere af tilsvarende kaliber. Inden Niuernermik Ilinniarfik \u00e5bnede i Nuuk var [&hellip;]<\/p>\n","protected":false},"author":6,"featured_media":0,"parent":0,"menu_order":0,"comment_status":"closed","ping_status":"closed","template":"","meta":{"ocean_post_layout":"","ocean_both_sidebars_style":"","ocean_both_sidebars_content_width":0,"ocean_both_sidebars_sidebars_width":0,"ocean_sidebar":"0","ocean_second_sidebar":"0","ocean_disable_margins":"enable","ocean_add_body_class":"","ocean_shortcode_before_top_bar":"","ocean_shortcode_after_top_bar":"","ocean_shortcode_before_header":"","ocean_shortcode_after_header":"","ocean_has_shortcode":"","ocean_shortcode_after_title":"","ocean_shortcode_before_footer_widgets":"","ocean_shortcode_after_footer_widgets":"","ocean_shortcode_before_footer_bottom":"","ocean_shortcode_after_footer_bottom":"","ocean_display_top_bar":"default","ocean_display_header":"default","ocean_header_style":"","ocean_center_header_left_menu":"0","ocean_custom_header_template":"0","ocean_custom_logo":0,"ocean_custom_retina_logo":0,"ocean_custom_logo_max_width":0,"ocean_custom_logo_tablet_max_width":0,"ocean_custom_logo_mobile_max_width":0,"ocean_custom_logo_max_height":0,"ocean_custom_logo_tablet_max_height":0,"ocean_custom_logo_mobile_max_height":0,"ocean_header_custom_menu":"0","ocean_menu_typo_font_family":"0","ocean_menu_typo_font_subset":"","ocean_menu_typo_font_size":0,"ocean_menu_typo_font_size_tablet":0,"ocean_menu_typo_font_size_mobile":0,"ocean_menu_typo_font_size_unit":"px","ocean_menu_typo_font_weight":"","ocean_menu_typo_font_weight_tablet":"","ocean_menu_typo_font_weight_mobile":"","ocean_menu_typo_transform":"","ocean_menu_typo_transform_tablet":"","ocean_menu_typo_transform_mobile":"","ocean_menu_typo_line_height":0,"ocean_menu_typo_line_height_tablet":0,"ocean_menu_typo_line_height_mobile":0,"ocean_menu_typo_line_height_unit":"","ocean_menu_typo_spacing":0,"ocean_menu_typo_spacing_tablet":0,"ocean_menu_typo_spacing_mobile":0,"ocean_menu_typo_spacing_unit":"","ocean_menu_link_color":"","ocean_menu_link_color_hover":"","ocean_menu_link_color_active":"","ocean_menu_link_background":"","ocean_menu_link_hover_background":"","ocean_menu_link_active_background":"","ocean_menu_social_links_bg":"","ocean_menu_social_hover_links_bg":"","ocean_menu_social_links_color":"","ocean_menu_social_hover_links_color":"","ocean_disable_title":"on","ocean_disable_heading":"default","ocean_post_title":"","ocean_post_subheading":"","ocean_post_title_style":"","ocean_post_title_background_color":"","ocean_post_title_background":0,"ocean_post_title_bg_image_position":"","ocean_post_title_bg_image_attachment":"","ocean_post_title_bg_image_repeat":"","ocean_post_title_bg_image_size":"","ocean_post_title_height":0,"ocean_post_title_bg_overlay":0.5,"ocean_post_title_bg_overlay_color":"","ocean_disable_breadcrumbs":"default","ocean_breadcrumbs_color":"","ocean_breadcrumbs_separator_color":"","ocean_breadcrumbs_links_color":"","ocean_breadcrumbs_links_hover_color":"","ocean_display_footer_widgets":"default","ocean_display_footer_bottom":"default","ocean_custom_footer_template":"0","ofc_meta_disable_footer_callout":"","ofc_meta_callout_button_url":"","ofc_meta_callout_button_txt":"","ofc_meta_callout_text":"","osh_disable_topbar_sticky":"default","osh_disable_header_sticky":"default","osh_sticky_header_style":"default","osh_sticky_header_effect":"","osh_custom_sticky_logo":0,"osh_custom_retina_sticky_logo":0,"osh_custom_sticky_logo_height":0,"osh_background_color":"","osh_links_color":"","osh_links_hover_color":"","osh_links_active_color":"","osh_links_bg_color":"","osh_links_hover_bg_color":"","osh_links_active_bg_color":"","osh_menu_social_links_color":"","osh_menu_social_hover_links_color":"","footnotes":""},"uddannelsestype":[8],"sidetype":[],"class_list":["post-9738","page","type-page","status-publish","hentry","uddannelsestype-alle","entry"],"publishpress_future_action":{"enabled":false,"date":"2026-05-07 17:08:27","action":"change-status","newStatus":"draft","terms":[],"taxonomy":"uddannelsestype","extraData":[]},"publishpress_future_workflow_manual_trigger":{"enabledWorkflows":[]},"_links":{"self":[{"href":"https:\/\/gbs.gl\/da\/wp-json\/wp\/v2\/pages\/9738","targetHints":{"allow":["GET"]}}],"collection":[{"href":"https:\/\/gbs.gl\/da\/wp-json\/wp\/v2\/pages"}],"about":[{"href":"https:\/\/gbs.gl\/da\/wp-json\/wp\/v2\/types\/page"}],"author":[{"embeddable":true,"href":"https:\/\/gbs.gl\/da\/wp-json\/wp\/v2\/users\/6"}],"replies":[{"embeddable":true,"href":"https:\/\/gbs.gl\/da\/wp-json\/wp\/v2\/comments?post=9738"}],"version-history":[{"count":26,"href":"https:\/\/gbs.gl\/da\/wp-json\/wp\/v2\/pages\/9738\/revisions"}],"predecessor-version":[{"id":12797,"href":"https:\/\/gbs.gl\/da\/wp-json\/wp\/v2\/pages\/9738\/revisions\/12797"}],"wp:attachment":[{"href":"https:\/\/gbs.gl\/da\/wp-json\/wp\/v2\/media?parent=9738"}],"wp:term":[{"taxonomy":"uddannelsestype","embeddable":true,"href":"https:\/\/gbs.gl\/da\/wp-json\/wp\/v2\/uddannelsestype?post=9738"},{"taxonomy":"sidetype","embeddable":true,"href":"https:\/\/gbs.gl\/da\/wp-json\/wp\/v2\/sidetype?post=9738"}],"curies":[{"name":"wp","href":"https:\/\/api.w.org\/{rel}","templated":true}]}}