{"id":2858,"date":"2023-01-27T09:09:05","date_gmt":"2023-01-27T12:09:05","guid":{"rendered":"https:\/\/gbs.gl\/?page_id=2858"},"modified":"2026-02-24T14:55:12","modified_gmt":"2026-02-24T17:55:12","slug":"aujusa","status":"publish","type":"page","link":"https:\/\/gbs.gl\/kl\/uddannelser\/aujusa\/","title":{"rendered":"AU Ingerlatsineq (Inatsisitigut sullissisunngornissamut ilinniarfik)"},"content":{"rendered":"<div data-elementor-type=\"wp-page\" data-elementor-id=\"2858\" class=\"elementor elementor-2858\" data-elementor-post-type=\"page\">\n\t\t\t\t\t\t<section class=\"elementor-section elementor-top-section elementor-element elementor-element-8cdbce3 elementor-section-boxed elementor-section-height-default elementor-section-height-default\" data-id=\"8cdbce3\" data-element_type=\"section\" data-e-type=\"section\">\n\t\t\t\t\t\t<div class=\"elementor-container elementor-column-gap-default\">\n\t\t\t\t\t<div class=\"elementor-column elementor-col-100 elementor-top-column elementor-element elementor-element-6bc9f78\" data-id=\"6bc9f78\" data-element_type=\"column\" data-e-type=\"column\">\n\t\t\t<div class=\"elementor-widget-wrap\">\n\t\t\t\t\t\t\t<\/div>\n\t\t<\/div>\n\t\t\t\t\t<\/div>\n\t\t<\/section>\n\t\t\t\t<section class=\"elementor-section elementor-top-section elementor-element elementor-element-a4a132e elementor-section-boxed elementor-section-height-default elementor-section-height-default\" data-id=\"a4a132e\" data-element_type=\"section\" data-e-type=\"section\">\n\t\t\t\t\t\t<div class=\"elementor-container elementor-column-gap-default\">\n\t\t\t\t\t<div class=\"elementor-column elementor-col-100 elementor-top-column elementor-element elementor-element-690b229\" data-id=\"690b229\" data-element_type=\"column\" data-e-type=\"column\">\n\t\t\t<div class=\"elementor-widget-wrap elementor-element-populated\">\n\t\t\t\t\t\t<div class=\"elementor-element elementor-element-e3df6ae elementor-widget elementor-widget-spacer\" data-id=\"e3df6ae\" data-element_type=\"widget\" data-e-type=\"widget\" data-widget_type=\"spacer.default\">\n\t\t\t\t<div class=\"elementor-widget-container\">\n\t\t\t\t\t\t\t<div class=\"elementor-spacer\">\n\t\t\t<div class=\"elementor-spacer-inner\"><\/div>\n\t\t<\/div>\n\t\t\t\t\t\t<\/div>\n\t\t\t\t<\/div>\n\t\t\t\t\t<\/div>\n\t\t<\/div>\n\t\t\t\t\t<\/div>\n\t\t<\/section>\n\t\t\t\t<section class=\"elementor-section elementor-top-section elementor-element elementor-element-52ee9afc elementor-section-boxed elementor-section-height-default elementor-section-height-default\" data-id=\"52ee9afc\" data-element_type=\"section\" data-e-type=\"section\">\n\t\t\t\t\t\t<div class=\"elementor-container elementor-column-gap-default\">\n\t\t\t\t\t<div class=\"elementor-column elementor-col-66 elementor-top-column elementor-element elementor-element-2f8d97b9\" data-id=\"2f8d97b9\" data-element_type=\"column\" data-e-type=\"column\">\n\t\t\t<div class=\"elementor-widget-wrap elementor-element-populated\">\n\t\t\t\t\t\t<section class=\"elementor-section elementor-inner-section elementor-element elementor-element-3d94fc13 elementor-section-boxed elementor-section-height-default elementor-section-height-default\" data-id=\"3d94fc13\" data-element_type=\"section\" data-e-type=\"section\">\n\t\t\t\t\t\t<div class=\"elementor-container elementor-column-gap-default\">\n\t\t\t\t\t<div class=\"elementor-column elementor-col-100 elementor-inner-column elementor-element elementor-element-7a7496ea\" data-id=\"7a7496ea\" data-element_type=\"column\" data-e-type=\"column\">\n\t\t\t<div class=\"elementor-widget-wrap elementor-element-populated\">\n\t\t\t\t\t\t<div class=\"elementor-element elementor-element-1781dba elementor-widget elementor-widget-heading\" data-id=\"1781dba\" data-element_type=\"widget\" data-e-type=\"widget\" data-widget_type=\"heading.default\">\n\t\t\t\t<div class=\"elementor-widget-container\">\n\t\t\t\t\t<h1 class=\"elementor-heading-title elementor-size-default\">Den Juridiske Sagsbehandler-uddannelse<\/h1>\t\t\t\t<\/div>\n\t\t\t\t<\/div>\n\t\t\t\t<div class=\"elementor-element elementor-element-19df4765 elementor-widget elementor-widget-heading\" data-id=\"19df4765\" data-element_type=\"widget\" data-e-type=\"widget\" data-widget_type=\"heading.default\">\n\t\t\t\t<div class=\"elementor-widget-container\">\n\t\t\t\t\t<h2 class=\"elementor-heading-title elementor-size-default\">Nunatta innuttaasui inatsisitigut ikorfartorusuppigit, aningaasatigullu apeqqutinik suliaqarusullutit? <\/h2>\t\t\t\t<\/div>\n\t\t\t\t<\/div>\n\t\t\t\t<div class=\"elementor-element elementor-element-3f757ba4 elementor-widget elementor-widget-text-editor\" data-id=\"3f757ba4\" data-element_type=\"widget\" data-e-type=\"widget\" data-widget_type=\"text-editor.default\">\n\t\t\t\t<div class=\"elementor-widget-container\">\n\t\t\t\t\t\t\t\t\t<p>S\u00e5 er Den Juridiske Sagsbehandleruddannelse\u00a0(JUSA) med stor sandsynlighed noget for dig.<\/p>\t\t\t\t\t\t\t\t<\/div>\n\t\t\t\t<\/div>\n\t\t\t\t\t<\/div>\n\t\t<\/div>\n\t\t\t\t\t<\/div>\n\t\t<\/section>\n\t\t\t\t<div class=\"elementor-element elementor-element-44622e90 elementor-widget elementor-widget-heading\" data-id=\"44622e90\" data-element_type=\"widget\" data-e-type=\"widget\" data-widget_type=\"heading.default\">\n\t\t\t\t<div class=\"elementor-widget-container\">\n\t\t\t\t\t<h3 class=\"elementor-heading-title elementor-size-default\">Hvorfor l\u00e6se JUSA<\/h3>\t\t\t\t<\/div>\n\t\t\t\t<\/div>\n\t\t\t\t<div class=\"elementor-element elementor-element-4f4b7c6e elementor-widget elementor-widget-text-editor\" data-id=\"4f4b7c6e\" data-element_type=\"widget\" data-e-type=\"widget\" data-widget_type=\"text-editor.default\">\n\t\t\t\t<div class=\"elementor-widget-container\">\n\t\t\t\t\t\t\t\t\t<p>Den Juridiske Sagsbehandleruddannelse er for dig, der er ansat i \u00a0den gr\u00f8nlandske offentlige administration og gerne vil opkvalificeres. Uddannelsens sigte er at give dig mulighed for at videreudvikle dine kompetencer og f\u00e6rdigheder som sagsbehandler.<\/p>\t\t\t\t\t\t\t\t<\/div>\n\t\t\t\t<\/div>\n\t\t\t\t<div class=\"elementor-element elementor-element-655a025c elementor-widget elementor-widget-heading\" data-id=\"655a025c\" data-element_type=\"widget\" data-e-type=\"widget\" data-widget_type=\"heading.default\">\n\t\t\t\t<div class=\"elementor-widget-container\">\n\t\t\t\t\t<h3 class=\"elementor-heading-title elementor-size-default\">Hvad kr\u00e6ver det at starte p\u00e5 JUSA?<\/h3>\t\t\t\t<\/div>\n\t\t\t\t<\/div>\n\t\t\t\t<div class=\"elementor-element elementor-element-223114da elementor-widget elementor-widget-text-editor\" data-id=\"223114da\" data-element_type=\"widget\" data-e-type=\"widget\" data-widget_type=\"text-editor.default\">\n\t\t\t\t<div class=\"elementor-widget-container\">\n\t\t\t\t\t\t\t\t\t<p>For JUSA g\u00e6lder samtlige adgangskrav:<\/p><ul><li>Du har relevant erhvervsuddannelse, som sigter mod generel sagsbehandling.<\/li><li>Du har to a\u030ars relevant erhvervserfaring efter gennemf\u00f8rt adgangsgivende uddannelse.<\/li><li>Du har et arbejde, som uddannelsen er relevant for.<\/li><\/ul><p>For fagene Global \u00f8konomi og Personalejura er der mulighed for at tage en skriftlig eksamen pa\u030a AU-niveau, hvis man opfylder adgangskravene givet for AU-fag.<\/p><p>Ilinnialernissamullu piumasaqaatit taaneqartut eqquutsissimangikkukkit, periarfissaqarputit piviusumik piginnaasanik nalilersuiffigineqarnissamik imaluunniit immikkut akuerineqarsinnaanissamik. Takuuk ilinniakkap aaqqissuussaanera atuuttoq, annertunerusumik paasisaqarusukkuit.\u00a0<a href=\"https:\/\/gbs.gl\/wp-content\/uploads\/2023\/02\/2022-Studieordning-JUSA.pdf\">Ilinniakkap aaqqissuussaanera<\/a>\u00a0for mere information<\/p>\t\t\t\t\t\t\t\t<\/div>\n\t\t\t\t<\/div>\n\t\t\t\t<div class=\"elementor-element elementor-element-2f95b2c elementor-widget elementor-widget-heading\" data-id=\"2f95b2c\" data-element_type=\"widget\" data-e-type=\"widget\" data-widget_type=\"heading.default\">\n\t\t\t\t<div class=\"elementor-widget-container\">\n\t\t\t\t\t<h3 class=\"elementor-heading-title elementor-size-default\">Suna ilinniassavara?<\/h3>\t\t\t\t<\/div>\n\t\t\t\t<\/div>\n\t\t\t\t<div class=\"elementor-element elementor-element-57a024c3 elementor-widget elementor-widget-text-editor\" data-id=\"57a024c3\" data-element_type=\"widget\" data-e-type=\"widget\" data-widget_type=\"text-editor.default\">\n\t\t\t\t<div class=\"elementor-widget-container\">\n\t\t\t\t\t\t\t\t\t<p>JUSA har fokus p\u00e5 erhvervslivet, og du f\u00e5r f\u00f8lgende fag:<\/p><ul><li>Studie og notatteknik<\/li><li>Retskilde og juridisk metode<\/li><li>Kommunalret<\/li><li>Sulisoqarnermi inatsisit<\/li><li>Forvaltningsret<\/li><li>Personlighedspsykologi \u2013 og m\u00f8det med borgeren<\/li><li>Samfund, teori og metode<\/li><li>Global \u00f8konomi<\/li><li>Global \u00f8konomi i gr\u00f8nlandsk kontekst<\/li><li>Praktisk perspektivering<\/li><\/ul><p>Alle fag er obligatoriske, og der er ingen valgfag.<\/p>\t\t\t\t\t\t\t\t<\/div>\n\t\t\t\t<\/div>\n\t\t\t\t<div class=\"elementor-element elementor-element-44417f70 elementor-widget elementor-widget-heading\" data-id=\"44417f70\" data-element_type=\"widget\" data-e-type=\"widget\" data-widget_type=\"heading.default\">\n\t\t\t\t<div class=\"elementor-widget-container\">\n\t\t\t\t\t<h3 class=\"elementor-heading-title elementor-size-default\">Ilinniagaq qanoq aaqqissuussaava?<\/h3>\t\t\t\t<\/div>\n\t\t\t\t<\/div>\n\t\t\t\t<div class=\"elementor-element elementor-element-ac5ea92 elementor-widget elementor-widget-text-editor\" data-id=\"ac5ea92\" data-element_type=\"widget\" data-e-type=\"widget\" data-widget_type=\"text-editor.default\">\n\t\t\t\t<div class=\"elementor-widget-container\">\n\t\t\t\t\t\t\t\t\t<p>Undervisningen er tilrettelagt som deltidsundervisning og forl\u00f8ber over tre a\u030ar.<\/p><p>Skoleopholdene er adskilt af mellemperioder, hvor du er henholdsvis selvstuderende, udarbejder selvst\u00e6ndige projektopgaver og forbereder dig til det kommende skoleophold. Perioderne mellem skoleopholdene er ikke praktikperioder, men perioder med selvstudie, da du her varetager dit normale arbejde ved siden af.<\/p>\t\t\t\t\t\t\t\t<\/div>\n\t\t\t\t<\/div>\n\t\t\t\t<div class=\"elementor-element elementor-element-5d0568d elementor-widget__width-inherit elementor-widget elementor-widget-image\" data-id=\"5d0568d\" data-element_type=\"widget\" data-e-type=\"widget\" data-widget_type=\"image.default\">\n\t\t\t\t<div class=\"elementor-widget-container\">\n\t\t\t\t\t\t\t\t\t\t\t\t\t\t\t<img fetchpriority=\"high\" decoding=\"async\" width=\"903\" height=\"458\" src=\"https:\/\/gbs.gl\/wp-content\/uploads\/2023\/01\/Picture150.png\" class=\"attachment-full size-full wp-image-3543\" alt=\"\" srcset=\"https:\/\/gbs.gl\/wp-content\/uploads\/2023\/01\/Picture150.png 903w, https:\/\/gbs.gl\/wp-content\/uploads\/2023\/01\/Picture150-300x152.png 300w, https:\/\/gbs.gl\/wp-content\/uploads\/2023\/01\/Picture150-768x390.png 768w, https:\/\/gbs.gl\/wp-content\/uploads\/2023\/01\/Picture150-18x9.png 18w\" sizes=\"(max-width: 903px) 100vw, 903px\" \/>\t\t\t\t\t\t\t\t\t\t\t\t\t\t\t<\/div>\n\t\t\t\t<\/div>\n\t\t\t\t<div class=\"elementor-element elementor-element-bcd0f96 elementor-widget elementor-widget-heading\" data-id=\"bcd0f96\" data-element_type=\"widget\" data-e-type=\"widget\" data-widget_type=\"heading.default\">\n\t\t\t\t<div class=\"elementor-widget-container\">\n\t\t\t\t\t<h3 class=\"elementor-heading-title elementor-size-default\">Atuartitsineq qanoq ingerlasarpa?<\/h3>\t\t\t\t<\/div>\n\t\t\t\t<\/div>\n\t\t\t\t<div class=\"elementor-element elementor-element-7e9ddded elementor-widget elementor-widget-text-editor\" data-id=\"7e9ddded\" data-element_type=\"widget\" data-e-type=\"widget\" data-widget_type=\"text-editor.default\">\n\t\t\t\t<div class=\"elementor-widget-container\">\n\t\t\t\t\t\t\t\t\t<p>I uddannelsen indga\u030ar forskellige former for undervisning og arbejde: dialogorienteret undervisning, gruppearbejde, case- og problemorienteret arbejde, selvstudier, skriftlige opgaver, forel\u00e6sningspr\u00e6gede opl\u00e6g m.m.<\/p>\t\t\t\t\t\t\t\t<\/div>\n\t\t\t\t<\/div>\n\t\t\t\t<div class=\"elementor-element elementor-element-7648e943 elementor-widget elementor-widget-heading\" data-id=\"7648e943\" data-element_type=\"widget\" data-e-type=\"widget\" data-widget_type=\"heading.default\">\n\t\t\t\t<div class=\"elementor-widget-container\">\n\t\t\t\t\t<h3 class=\"elementor-heading-title elementor-size-default\">Misilitsinneq qanoq ingerlasarpa?<\/h3>\t\t\t\t<\/div>\n\t\t\t\t<\/div>\n\t\t\t\t<div class=\"elementor-element elementor-element-79c91458 elementor-widget elementor-widget-text-editor\" data-id=\"79c91458\" data-element_type=\"widget\" data-e-type=\"widget\" data-widget_type=\"text-editor.default\">\n\t\t\t\t<div class=\"elementor-widget-container\">\n\t\t\t\t\t\t\t\t\t<p>Hvert modul afsluttes med en skriftlig eller mundtlig eksamen.&nbsp;<span style=\"font-size: 20px; color: var( --e-global-color-text ); letter-spacing: var( --e-global-typography-8c31d14-letter-spacing ); word-spacing: var( --e-global-typography-8c31d14-word-spacing );\">Uddannelsen afsluttes med et afgangsprojekt.<\/span><\/p>\t\t\t\t\t\t\t\t<\/div>\n\t\t\t\t<\/div>\n\t\t\t\t<div class=\"elementor-element elementor-element-70edd82 elementor-widget elementor-widget-heading\" data-id=\"70edd82\" data-element_type=\"widget\" data-e-type=\"widget\" data-widget_type=\"heading.default\">\n\t\t\t\t<div class=\"elementor-widget-container\">\n\t\t\t\t\t<h3 class=\"elementor-heading-title elementor-size-default\">Qanoq aallartissaanga?<\/h3>\t\t\t\t<\/div>\n\t\t\t\t<\/div>\n\t\t\t\t<div class=\"elementor-element elementor-element-3a9142c3 elementor-widget elementor-widget-text-editor\" data-id=\"3a9142c3\" data-element_type=\"widget\" data-e-type=\"widget\" data-widget_type=\"text-editor.default\">\n\t\t\t\t<div class=\"elementor-widget-container\">\n\t\t\t\t\t\t\t\t\t<p class=\"translation-block\">Ilinniakkamut qinnuteqarneq pisarpoq illoqarfigisanni Majoriami imaluunniit sullissivik.gl-mi<\/p><p>Aaamma tikilluaqqungaarpatsigit ilinniarnermut aqqutissiuussisutsinnut allagaqarnissannik uunga <a href=\"mailto:studievejleder@gbs.gl\">studievejleder@gbs.gl<\/a><\/p>\t\t\t\t\t\t\t\t<\/div>\n\t\t\t\t<\/div>\n\t\t\t\t\t<\/div>\n\t\t<\/div>\n\t\t\t\t<div class=\"elementor-column elementor-col-33 elementor-top-column elementor-element elementor-element-24324dc6\" data-id=\"24324dc6\" data-element_type=\"column\" data-e-type=\"column\">\n\t\t\t<div class=\"elementor-widget-wrap elementor-element-populated\">\n\t\t\t\t\t\t<section class=\"elementor-section elementor-inner-section elementor-element elementor-element-6794e095 elementor-section-boxed elementor-section-height-default elementor-section-height-default\" data-id=\"6794e095\" data-element_type=\"section\" data-e-type=\"section\">\n\t\t\t\t\t\t<div class=\"elementor-container elementor-column-gap-default\">\n\t\t\t\t\t<div class=\"elementor-column elementor-col-100 elementor-inner-column elementor-element elementor-element-75467d68\" data-id=\"75467d68\" data-element_type=\"column\" data-e-type=\"column\" data-settings=\"{&quot;background_background&quot;:&quot;classic&quot;}\">\n\t\t\t<div class=\"elementor-widget-wrap elementor-element-populated\">\n\t\t\t\t\t\t<div class=\"elementor-element elementor-element-3237619b elementor-icon-list--layout-traditional elementor-list-item-link-full_width elementor-widget elementor-widget-icon-list\" data-id=\"3237619b\" data-element_type=\"widget\" data-e-type=\"widget\" data-widget_type=\"icon-list.default\">\n\t\t\t\t<div class=\"elementor-widget-container\">\n\t\t\t\t\t\t\t<ul class=\"elementor-icon-list-items\">\n\t\t\t\t\t\t\t<li class=\"elementor-icon-list-item\">\n\t\t\t\t\t\t\t\t\t\t\t<span class=\"elementor-icon-list-icon\">\n\t\t\t\t\t\t\t<i aria-hidden=\"true\" class=\"fas fa-chevron-right\"><\/i>\t\t\t\t\t\t<\/span>\n\t\t\t\t\t\t\t\t\t\t<span class=\"elementor-icon-list-text\">Ilinniarneq aallartissaq augustusimi<\/span>\n\t\t\t\t\t\t\t\t\t<\/li>\n\t\t\t\t\t\t\t\t<li class=\"elementor-icon-list-item\">\n\t\t\t\t\t\t\t\t\t\t\t<span class=\"elementor-icon-list-icon\">\n\t\t\t\t\t\t\t<i aria-hidden=\"true\" class=\"fas fa-chevron-right\"><\/i>\t\t\t\t\t\t<\/span>\n\t\t\t\t\t\t\t\t\t\t<span class=\"elementor-icon-list-text\">N\u00e6ste opstart 2026<\/span>\n\t\t\t\t\t\t\t\t\t<\/li>\n\t\t\t\t\t\t\t\t<li class=\"elementor-icon-list-item\">\n\t\t\t\t\t\t\t\t\t\t\t<span class=\"elementor-icon-list-icon\">\n\t\t\t\t\t\t\t<i aria-hidden=\"true\" class=\"fas fa-chevron-right\"><\/i>\t\t\t\t\t\t<\/span>\n\t\t\t\t\t\t\t\t\t\t<span class=\"elementor-icon-list-text\">Ans\u00f8gningsfrist: Indtil d. 01.06<\/span>\n\t\t\t\t\t\t\t\t\t<\/li>\n\t\t\t\t\t\t\t\t<li class=\"elementor-icon-list-item\">\n\t\t\t\t\t\t\t\t\t\t\t<span class=\"elementor-icon-list-icon\">\n\t\t\t\t\t\t\t<i aria-hidden=\"true\" class=\"fas fa-chevron-right\"><\/i>\t\t\t\t\t\t<\/span>\n\t\t\t\t\t\t\t\t\t\t<span class=\"elementor-icon-list-text\">Normering: 3 \u00e5r<\/span>\n\t\t\t\t\t\t\t\t\t<\/li>\n\t\t\t\t\t\t\t\t<li class=\"elementor-icon-list-item\">\n\t\t\t\t\t\t\t\t\t\t\t<span class=\"elementor-icon-list-icon\">\n\t\t\t\t\t\t\t<i aria-hidden=\"true\" class=\"fas fa-chevron-right\"><\/i>\t\t\t\t\t\t<\/span>\n\t\t\t\t\t\t\t\t\t\t<span class=\"elementor-icon-list-text\">Ilaannakoortumik atuarneq<\/span>\n\t\t\t\t\t\t\t\t\t<\/li>\n\t\t\t\t\t\t\t\t<li class=\"elementor-icon-list-item\">\n\t\t\t\t\t\t\t\t\t\t\t<a href=\"http:\/\/sullissivik.gl\">\n\n\t\t\t\t\t\t\t\t\t\t\t\t<span class=\"elementor-icon-list-icon\">\n\t\t\t\t\t\t\t<i aria-hidden=\"true\" class=\"fas fa-chevron-right\"><\/i>\t\t\t\t\t\t<\/span>\n\t\t\t\t\t\t\t\t\t\t<span class=\"elementor-icon-list-text\">Qinnuteqarneq sullissivik.gl aqqutigalugu<\/span>\n\t\t\t\t\t\t\t\t\t\t\t<\/a>\n\t\t\t\t\t\t\t\t\t<\/li>\n\t\t\t\t\t\t\t\t<li class=\"elementor-icon-list-item\">\n\t\t\t\t\t\t\t\t\t\t\t<a href=\"https:\/\/gbs.gl\/wp-content\/uploads\/2023\/02\/2022-Studieordning-JUSA.pdf\">\n\n\t\t\t\t\t\t\t\t\t\t\t\t<span class=\"elementor-icon-list-icon\">\n\t\t\t\t\t\t\t<i aria-hidden=\"true\" class=\"fas fa-chevron-right\"><\/i>\t\t\t\t\t\t<\/span>\n\t\t\t\t\t\t\t\t\t\t<span class=\"elementor-icon-list-text\">Studieordning<\/span>\n\t\t\t\t\t\t\t\t\t\t\t<\/a>\n\t\t\t\t\t\t\t\t\t<\/li>\n\t\t\t\t\t\t<\/ul>\n\t\t\t\t\t\t<\/div>\n\t\t\t\t<\/div>\n\t\t\t\t\t<\/div>\n\t\t<\/div>\n\t\t\t\t\t<\/div>\n\t\t<\/section>\n\t\t\t\t\t<\/div>\n\t\t<\/div>\n\t\t\t\t\t<\/div>\n\t\t<\/section>\n\t\t\t\t<\/div>","protected":false},"excerpt":{"rendered":"<p>Den Juridiske Sagsbehandler-uddannelse Br\u00e6nder du for at hj\u00e6lpe landets borgere med juridiske, sociale og \u00f8konomiske sp\u00f8rgsm\u00e5l? S\u00e5 er Den Juridiske Sagsbehandleruddannelse\u00a0(JUSA) med stor sandsynlighed noget for dig. Hvorfor l\u00e6se JUSA Den Juridiske Sagsbehandleruddannelse er for dig, der er ansat i \u00a0den gr\u00f8nlandske offentlige administration og gerne vil opkvalificeres. Uddannelsens sigte er at give dig mulighed [&hellip;]<\/p>\n","protected":false},"author":1,"featured_media":0,"parent":10608,"menu_order":0,"comment_status":"closed","ping_status":"closed","template":"","meta":{"ocean_post_layout":"","ocean_both_sidebars_style":"","ocean_both_sidebars_content_width":0,"ocean_both_sidebars_sidebars_width":0,"ocean_sidebar":"0","ocean_second_sidebar":"0","ocean_disable_margins":"enable","ocean_add_body_class":"","ocean_shortcode_before_top_bar":"","ocean_shortcode_after_top_bar":"","ocean_shortcode_before_header":"","ocean_shortcode_after_header":"","ocean_has_shortcode":"","ocean_shortcode_after_title":"","ocean_shortcode_before_footer_widgets":"","ocean_shortcode_after_footer_widgets":"","ocean_shortcode_before_footer_bottom":"","ocean_shortcode_after_footer_bottom":"","ocean_display_top_bar":"default","ocean_display_header":"default","ocean_header_style":"","ocean_center_header_left_menu":"0","ocean_custom_header_template":"0","ocean_custom_logo":0,"ocean_custom_retina_logo":0,"ocean_custom_logo_max_width":0,"ocean_custom_logo_tablet_max_width":0,"ocean_custom_logo_mobile_max_width":0,"ocean_custom_logo_max_height":0,"ocean_custom_logo_tablet_max_height":0,"ocean_custom_logo_mobile_max_height":0,"ocean_header_custom_menu":"0","ocean_menu_typo_font_family":"0","ocean_menu_typo_font_subset":"","ocean_menu_typo_font_size":0,"ocean_menu_typo_font_size_tablet":0,"ocean_menu_typo_font_size_mobile":0,"ocean_menu_typo_font_size_unit":"px","ocean_menu_typo_font_weight":"","ocean_menu_typo_font_weight_tablet":"","ocean_menu_typo_font_weight_mobile":"","ocean_menu_typo_transform":"","ocean_menu_typo_transform_tablet":"","ocean_menu_typo_transform_mobile":"","ocean_menu_typo_line_height":0,"ocean_menu_typo_line_height_tablet":0,"ocean_menu_typo_line_height_mobile":0,"ocean_menu_typo_line_height_unit":"","ocean_menu_typo_spacing":0,"ocean_menu_typo_spacing_tablet":0,"ocean_menu_typo_spacing_mobile":0,"ocean_menu_typo_spacing_unit":"","ocean_menu_link_color":"","ocean_menu_link_color_hover":"","ocean_menu_link_color_active":"","ocean_menu_link_background":"","ocean_menu_link_hover_background":"","ocean_menu_link_active_background":"","ocean_menu_social_links_bg":"","ocean_menu_social_hover_links_bg":"","ocean_menu_social_links_color":"","ocean_menu_social_hover_links_color":"","ocean_disable_title":"on","ocean_disable_heading":"default","ocean_post_title":"","ocean_post_subheading":"","ocean_post_title_style":"","ocean_post_title_background_color":"","ocean_post_title_background":0,"ocean_post_title_bg_image_position":"","ocean_post_title_bg_image_attachment":"","ocean_post_title_bg_image_repeat":"","ocean_post_title_bg_image_size":"","ocean_post_title_height":0,"ocean_post_title_bg_overlay":0.5,"ocean_post_title_bg_overlay_color":"","ocean_disable_breadcrumbs":"default","ocean_breadcrumbs_color":"","ocean_breadcrumbs_separator_color":"","ocean_breadcrumbs_links_color":"","ocean_breadcrumbs_links_hover_color":"","ocean_display_footer_widgets":"default","ocean_display_footer_bottom":"default","ocean_custom_footer_template":"0","ofc_meta_disable_footer_callout":"","ofc_meta_callout_button_url":"","ofc_meta_callout_button_txt":"","ofc_meta_callout_text":"","osh_disable_topbar_sticky":"default","osh_disable_header_sticky":"default","osh_sticky_header_style":"default","osh_sticky_header_effect":"","osh_custom_sticky_logo":0,"osh_custom_retina_sticky_logo":0,"osh_custom_sticky_logo_height":0,"osh_background_color":"","osh_links_color":"","osh_links_hover_color":"","osh_links_active_color":"","osh_links_bg_color":"","osh_links_hover_bg_color":"","osh_links_active_bg_color":"","osh_menu_social_links_color":"","osh_menu_social_hover_links_color":"","footnotes":""},"uddannelsestype":[12],"sidetype":[13],"class_list":["post-2858","page","type-page","status-publish","hentry","uddannelsestype-eu","sidetype-studd","entry"],"publishpress_future_action":{"enabled":false,"date":"2026-05-17 09:24:24","action":"change-status","newStatus":"draft","terms":[],"taxonomy":"uddannelsestype","extraData":[]},"publishpress_future_workflow_manual_trigger":{"enabledWorkflows":[]},"_links":{"self":[{"href":"https:\/\/gbs.gl\/kl\/wp-json\/wp\/v2\/pages\/2858","targetHints":{"allow":["GET"]}}],"collection":[{"href":"https:\/\/gbs.gl\/kl\/wp-json\/wp\/v2\/pages"}],"about":[{"href":"https:\/\/gbs.gl\/kl\/wp-json\/wp\/v2\/types\/page"}],"author":[{"embeddable":true,"href":"https:\/\/gbs.gl\/kl\/wp-json\/wp\/v2\/users\/1"}],"replies":[{"embeddable":true,"href":"https:\/\/gbs.gl\/kl\/wp-json\/wp\/v2\/comments?post=2858"}],"version-history":[{"count":66,"href":"https:\/\/gbs.gl\/kl\/wp-json\/wp\/v2\/pages\/2858\/revisions"}],"predecessor-version":[{"id":14268,"href":"https:\/\/gbs.gl\/kl\/wp-json\/wp\/v2\/pages\/2858\/revisions\/14268"}],"up":[{"embeddable":true,"href":"https:\/\/gbs.gl\/kl\/wp-json\/wp\/v2\/pages\/10608"}],"wp:attachment":[{"href":"https:\/\/gbs.gl\/kl\/wp-json\/wp\/v2\/media?parent=2858"}],"wp:term":[{"taxonomy":"uddannelsestype","embeddable":true,"href":"https:\/\/gbs.gl\/kl\/wp-json\/wp\/v2\/uddannelsestype?post=2858"},{"taxonomy":"sidetype","embeddable":true,"href":"https:\/\/gbs.gl\/kl\/wp-json\/wp\/v2\/sidetype?post=2858"}],"curies":[{"name":"wp","href":"https:\/\/api.w.org\/{rel}","templated":true}]}}