{"id":5490,"date":"2023-02-15T14:02:43","date_gmt":"2023-02-15T17:02:43","guid":{"rendered":"https:\/\/gbs.gl\/?page_id=5490"},"modified":"2023-02-20T01:23:38","modified_gmt":"2023-02-20T04:23:38","slug":"privatlivspolitik","status":"publish","type":"page","link":"https:\/\/gbs.gl\/kl\/privatlivspolitik\/","title":{"rendered":"Suliffiup avataani inuunermi politikki"},"content":{"rendered":"<div data-elementor-type=\"wp-page\" data-elementor-id=\"5490\" class=\"elementor elementor-5490\" data-elementor-post-type=\"page\">\n\t\t\t\t\t\t<section class=\"elementor-section elementor-top-section elementor-element elementor-element-30c9083 elementor-section-boxed elementor-section-height-default elementor-section-height-default\" data-id=\"30c9083\" data-element_type=\"section\" data-e-type=\"section\">\n\t\t\t\t\t\t<div class=\"elementor-container elementor-column-gap-default\">\n\t\t\t\t\t<div class=\"elementor-column elementor-col-100 elementor-top-column elementor-element elementor-element-10a5d7b\" data-id=\"10a5d7b\" data-element_type=\"column\" data-e-type=\"column\">\n\t\t\t<div class=\"elementor-widget-wrap elementor-element-populated\">\n\t\t\t\t\t\t<div class=\"elementor-element elementor-element-5b55a69 elementor-widget__width-inherit elementor-widget elementor-widget-image\" data-id=\"5b55a69\" data-element_type=\"widget\" data-e-type=\"widget\" data-widget_type=\"image.default\">\n\t\t\t\t<div class=\"elementor-widget-container\">\n\t\t\t\t\t\t\t\t\t\t\t\t\t\t\t<img fetchpriority=\"high\" decoding=\"async\" width=\"2400\" height=\"600\" src=\"https:\/\/gbs.gl\/wp-content\/uploads\/2023\/02\/privatlivspolitik-gbs-2400x600px.png\" class=\"attachment-full size-full wp-image-5547\" alt=\"\" srcset=\"https:\/\/gbs.gl\/wp-content\/uploads\/2023\/02\/privatlivspolitik-gbs-2400x600px.png 2400w, https:\/\/gbs.gl\/wp-content\/uploads\/2023\/02\/privatlivspolitik-gbs-2400x600px-300x75.png 300w, https:\/\/gbs.gl\/wp-content\/uploads\/2023\/02\/privatlivspolitik-gbs-2400x600px-1024x256.png 1024w, https:\/\/gbs.gl\/wp-content\/uploads\/2023\/02\/privatlivspolitik-gbs-2400x600px-768x192.png 768w, https:\/\/gbs.gl\/wp-content\/uploads\/2023\/02\/privatlivspolitik-gbs-2400x600px-1536x384.png 1536w, https:\/\/gbs.gl\/wp-content\/uploads\/2023\/02\/privatlivspolitik-gbs-2400x600px-2048x512.png 2048w, https:\/\/gbs.gl\/wp-content\/uploads\/2023\/02\/privatlivspolitik-gbs-2400x600px-18x5.png 18w\" sizes=\"(max-width: 2400px) 100vw, 2400px\" \/>\t\t\t\t\t\t\t\t\t\t\t\t\t\t\t<\/div>\n\t\t\t\t<\/div>\n\t\t\t\t\t<\/div>\n\t\t<\/div>\n\t\t\t\t\t<\/div>\n\t\t<\/section>\n\t\t\t\t<section class=\"elementor-section elementor-top-section elementor-element elementor-element-2880094 elementor-section-boxed elementor-section-height-default elementor-section-height-default\" data-id=\"2880094\" data-element_type=\"section\" data-e-type=\"section\">\n\t\t\t\t\t\t<div class=\"elementor-container elementor-column-gap-default\">\n\t\t\t\t\t<div class=\"elementor-column elementor-col-66 elementor-top-column elementor-element elementor-element-4c6b267\" data-id=\"4c6b267\" data-element_type=\"column\" data-e-type=\"column\">\n\t\t\t<div class=\"elementor-widget-wrap elementor-element-populated\">\n\t\t\t\t\t\t<div class=\"elementor-element elementor-element-68bf4c0f elementor-widget elementor-widget-heading\" data-id=\"68bf4c0f\" data-element_type=\"widget\" data-e-type=\"widget\" data-widget_type=\"heading.default\">\n\t\t\t\t<div class=\"elementor-widget-container\">\n\t\t\t\t\t<h1 class=\"elementor-heading-title elementor-size-default\">Suliffiup avataani inuunermi politikki<\/h1>\t\t\t\t<\/div>\n\t\t\t\t<\/div>\n\t\t\t\t<div class=\"elementor-element elementor-element-f5b3b62 elementor-widget elementor-widget-heading\" data-id=\"f5b3b62\" data-element_type=\"widget\" data-e-type=\"widget\" data-widget_type=\"heading.default\">\n\t\t\t\t<div class=\"elementor-widget-container\">\n\t\t\t\t\t<h2 class=\"elementor-heading-title elementor-size-default\">Nittartakkatsinnut iserneq toqqisisimanartuuvoq<\/h2>\t\t\t\t<\/div>\n\t\t\t\t<\/div>\n\t\t\t\t<div class=\"elementor-element elementor-element-73f5bfa5 elementor-widget elementor-widget-text-editor\" data-id=\"73f5bfa5\" data-element_type=\"widget\" data-e-type=\"widget\" data-widget_type=\"text-editor.default\">\n\t\t\t\t<div class=\"elementor-widget-container\">\n\t\t\t\t\t\t\t\t\t<p>Ataani takuneqarsinnaavoq qarasaasiamut tunngatillugu politikkerput, paasissutissanik katersukkatsinnut tunngasut, qulakkeerniarlugu atuisut toqqissisimanartumik nittartakkamut misigisaqarnissaat.<\/p>\t\t\t\t\t\t\t\t<\/div>\n\t\t\t\t<\/div>\n\t\t\t\t<div class=\"elementor-element elementor-element-67b0493 elementor-widget elementor-widget-spacer\" data-id=\"67b0493\" data-element_type=\"widget\" data-e-type=\"widget\" data-widget_type=\"spacer.default\">\n\t\t\t\t<div class=\"elementor-widget-container\">\n\t\t\t\t\t\t\t<div class=\"elementor-spacer\">\n\t\t\t<div class=\"elementor-spacer-inner\"><\/div>\n\t\t<\/div>\n\t\t\t\t\t\t<\/div>\n\t\t\t\t<\/div>\n\t\t\t\t<div class=\"elementor-element elementor-element-6e3ee55 elementor-widget elementor-widget-heading\" data-id=\"6e3ee55\" data-element_type=\"widget\" data-e-type=\"widget\" data-widget_type=\"heading.default\">\n\t\t\t\t<div class=\"elementor-widget-container\">\n\t\t\t\t\t<h3 class=\"elementor-heading-title elementor-size-default\">Cookies<\/h3>\t\t\t\t<\/div>\n\t\t\t\t<\/div>\n\t\t\t\t<div class=\"elementor-element elementor-element-0e908c3 elementor-widget elementor-widget-text-editor\" data-id=\"0e908c3\" data-element_type=\"widget\" data-e-type=\"widget\" data-widget_type=\"text-editor.default\">\n\t\t\t\t<div class=\"elementor-widget-container\">\n\t\t\t\t\t\t\t\t\t<p>Nittartakkatsinnut cookies atorparput, taannavoq data toqqortuisinnaavoq illit atukkanni (computer-i, mobil-i, tablet-i assigisaalu) Data-t pineqartut, illit atukkannik ilisarinnissinnaapput, atoruminarnerulersitsilluni, ilutigalugulu inissitanik eqqaamannittussanngorlugu pilerisaarutit il.il. siunertaralugit.<\/p><p>Periarfissaavoq nammineq pigisat cookies-it nungutersinnaanissaannut immaqaluunniit mattunnissaannut.<br \/>Cookies-itit nunguterukkit, mattukkukkilluunniit, ussassaarutit ilinut soqutiginanngitsut takkuttartut takutissassapput ilinnut. Paarlattuanilli ussassaarutit ilinninnut akulikinnerusumik takutinneqartalissapput.<\/p>\t\t\t\t\t\t\t\t<\/div>\n\t\t\t\t<\/div>\n\t\t\t\t<div class=\"elementor-element elementor-element-70a1ae51 elementor-widget elementor-widget-heading\" data-id=\"70a1ae51\" data-element_type=\"widget\" data-e-type=\"widget\" data-widget_type=\"heading.default\">\n\t\t\t\t<div class=\"elementor-widget-container\">\n\t\t\t\t\t<h3 class=\"elementor-heading-title elementor-size-default\">Qanoq cookies-mi nunguterisarnersut ilitsersuut<\/h3>\t\t\t\t<\/div>\n\t\t\t\t<\/div>\n\t\t\t\t<div class=\"elementor-element elementor-element-17aa6790 elementor-widget elementor-widget-text-editor\" data-id=\"17aa6790\" data-element_type=\"widget\" data-e-type=\"widget\" data-widget_type=\"text-editor.default\">\n\t\t\t\t<div class=\"elementor-widget-container\">\n\t\t\t\t\t\t\t\t\t<p id=\"howto-title\"><a href=\"https:\/\/support.apple.com\/da-dk\/guide\/safari\/sfri11471\/mac\">Slet cookies for Safari p\u00e5 din mac\u00a0<\/a><br \/><a href=\"https:\/\/support.apple.com\/da-dk\/HT201265\">Slet cookies for Safari p\u00e5 din iPhone, iPad eller iPod\u00a0touch<\/a><br \/><a href=\"https:\/\/support.google.com\/chrome\/answer\/95647?co=GENIE.Platform%3DAndroid&amp;hl=da&amp;oco=0\">Slet cookies for Google Chrome p\u00e5 Android enheder<\/a><br \/><a href=\"https:\/\/support.google.com\/chrome\/answer\/95647?co=GENIE.Platform%3DDesktop&amp;hl=da&amp;oco=0\">Slet cookies for Google Chrome p\u00e5 din computer<\/a><br \/><a href=\"https:\/\/support.microsoft.com\/da-dk\/help\/10607\/microsoft-edge-view-delete-browser-history\">Slet cookies for Microsoft Edge p\u00e5 din computer<\/a><\/p><p>Vores hjemmeside indeholder cookies fra:\u00a0<\/p><ul style=\"margin-top: 0px; margin-bottom: 20px; margin-left: 40px; font-style: normal; font-variant-ligatures: normal; font-variant-caps: normal; font-weight: 400; font-size: 14px; font-family: 'Open Sans', Helvetica, Arial, sans-serif; list-style: square; color: #000000;\"><li style=\"margin-bottom: 5px; font-size: inherit;\">Facebook pixel (Facebook.com)<\/li><li style=\"margin-bottom: 5px; font-size: inherit;\">Google Analytics (Google.com)<\/li><li style=\"margin-bottom: 5px; font-size: inherit;\">Google Tag Manager (Google.com)<\/li><li style=\"margin-bottom: 5px; font-size: inherit;\">Google Ads (Google.com)<\/li><li style=\"margin-bottom: 5px; font-size: inherit;\">Kissmetrics (Kissmetrics.com)<\/li><\/ul>\t\t\t\t\t\t\t\t<\/div>\n\t\t\t\t<\/div>\n\t\t\t\t<div class=\"elementor-element elementor-element-24df3d27 elementor-widget elementor-widget-heading\" data-id=\"24df3d27\" data-element_type=\"widget\" data-e-type=\"widget\" data-widget_type=\"heading.default\">\n\t\t\t\t<div class=\"elementor-widget-container\">\n\t\t\t\t\t<h3 class=\"elementor-heading-title elementor-size-default\">Personoplysninger<\/h3>\t\t\t\t<\/div>\n\t\t\t\t<\/div>\n\t\t\t\t<div class=\"elementor-element elementor-element-1cda5728 elementor-widget elementor-widget-text-editor\" data-id=\"1cda5728\" data-element_type=\"widget\" data-e-type=\"widget\" data-widget_type=\"text-editor.default\">\n\t\t\t\t<div class=\"elementor-widget-container\">\n\t\t\t\t\t\t\t\t\t<p>N\u00e5r du tilg\u00e5r vores hjemmeside registreres dine personoplysninger. Personoplysninger er informationer, som f\u00f8re tilbage til dig. Dette kan b.la. v\u00e6re oplysninger om din computer eller mobiltelefon, IP-nummer, geografisk placering, samt din navigering p\u00e5 siden. Disse oplysninger kan blive brugt ifm. nyhedsbreve, konkurrencer, unders\u00f8gelser mf.<\/p><p>S\u00e5fremt du giver samtykke til og indtaster dit navn, e-mail, adresse, telefonnummer og betalingsoplysninger kan disse informationer ogs\u00e5 behandles.\u00a0<\/p>\t\t\t\t\t\t\t\t<\/div>\n\t\t\t\t<\/div>\n\t\t\t\t<div class=\"elementor-element elementor-element-34ca1dda elementor-widget elementor-widget-heading\" data-id=\"34ca1dda\" data-element_type=\"widget\" data-e-type=\"widget\" data-widget_type=\"heading.default\">\n\t\t\t\t<div class=\"elementor-widget-container\">\n\t\t\t\t\t<h3 class=\"elementor-heading-title elementor-size-default\">Form\u00e5l med opbevaring af oplysninger<\/h3>\t\t\t\t<\/div>\n\t\t\t\t<\/div>\n\t\t\t\t<div class=\"elementor-element elementor-element-1fd01270 elementor-widget elementor-widget-text-editor\" data-id=\"1fd01270\" data-element_type=\"widget\" data-e-type=\"widget\" data-widget_type=\"text-editor.default\">\n\t\t\t\t<div class=\"elementor-widget-container\">\n\t\t\t\t\t\t\t\t\t<p>Paasissutissat taakkua siunertaraat illit atuisutut uppernarsaasinnaanisat, taamaasilluni takusinnaasatit annertunerulissallutik. Aammattaaq paasissutissat taakkua atorneqarsinnaallutik arlaannut ilanngussinnaanissannut assigisaanulluunniit, aammalu qulakkeerniarlugu toqqangassaasut kissaatigisatit eqqortumik tunniunneqarnissaat pillugu \u2013 taakkua ukuusinnaapput allakkatigut nutaarsiassat, nalunaarutit il.il.<\/p>\t\t\t\t\t\t\t\t<\/div>\n\t\t\t\t<\/div>\n\t\t\t\t<div class=\"elementor-element elementor-element-5a1960f0 elementor-widget elementor-widget-heading\" data-id=\"5a1960f0\" data-element_type=\"widget\" data-e-type=\"widget\" data-widget_type=\"heading.default\">\n\t\t\t\t<div class=\"elementor-widget-container\">\n\t\t\t\t\t<h3 class=\"elementor-heading-title elementor-size-default\">Isumannaallisaanerit<\/h3>\t\t\t\t<\/div>\n\t\t\t\t<\/div>\n\t\t\t\t<div class=\"elementor-element elementor-element-32c0506 elementor-widget elementor-widget-text-editor\" data-id=\"32c0506\" data-element_type=\"widget\" data-e-type=\"widget\" data-widget_type=\"text-editor.default\">\n\t\t\t\t<div class=\"elementor-widget-container\">\n\t\t\t\t\t\t\t\t\t<div class=\"elementor-element elementor-element-2d6a1e25 elementor-widget elementor-widget-text-editor\" data-id=\"2d6a1e25\" data-element_type=\"widget\" data-widget_type=\"text-editor.default\"><div class=\"elementor-widget-container\"><p>Teknik-ikkut aaqqissuusinikkullu suliaqartoqarnikuuvoq,Der er foretaget tekniske- samt organisatoriske foranstaltninger mod at de oplysninger, vi m\u00e5tte besidde, vil blive slettet, offentliggjort, manipuleret, forringet eller misbrugt i strid med lovgivningen.<\/p><\/div><\/div>\t\t\t\t\t\t\t\t<\/div>\n\t\t\t\t<\/div>\n\t\t\t\t<div class=\"elementor-element elementor-element-54eadefc elementor-widget elementor-widget-heading\" data-id=\"54eadefc\" data-element_type=\"widget\" data-e-type=\"widget\" data-widget_type=\"heading.default\">\n\t\t\t\t<div class=\"elementor-widget-container\">\n\t\t\t\t\t<h3 class=\"elementor-heading-title elementor-size-default\">Paasissutissat tigummineqarnerisa killilerneqarnerat<\/h3>\t\t\t\t<\/div>\n\t\t\t\t<\/div>\n\t\t\t\t<div class=\"elementor-element elementor-element-0552468 elementor-widget elementor-widget-text-editor\" data-id=\"0552468\" data-element_type=\"widget\" data-e-type=\"widget\" data-widget_type=\"text-editor.default\">\n\t\t\t\t<div class=\"elementor-widget-container\">\n\t\t\t\t\t\t\t\t\t<p>Paasissutissat piffissami aaliangersimasumik toqqorsimaneqassapput, inatsit atuuttut malillugit. Toqqorsimaneqarnerisa sivisussusaat apeqqutaasarpoq paasissutissat suuneri tunuliaqutaalu \u2013 taamaattumik oqaatigiuminaattarpoq qanoq sivisutigisumik piffissat atorneqartassanersoq.<\/p>\t\t\t\t\t\t\t\t<\/div>\n\t\t\t\t<\/div>\n\t\t\t\t<div class=\"elementor-element elementor-element-b9233f3 elementor-widget elementor-widget-heading\" data-id=\"b9233f3\" data-element_type=\"widget\" data-e-type=\"widget\" data-widget_type=\"heading.default\">\n\t\t\t\t<div class=\"elementor-widget-container\">\n\t\t\t\t\t<h3 class=\"elementor-heading-title elementor-size-default\">Paasissutissanik ingerlatitseqqiineq<\/h3>\t\t\t\t<\/div>\n\t\t\t\t<\/div>\n\t\t\t\t<div class=\"elementor-element elementor-element-d8414f8 elementor-widget elementor-widget-text-editor\" data-id=\"d8414f8\" data-element_type=\"widget\" data-e-type=\"widget\" data-widget_type=\"text-editor.default\">\n\t\t\t\t<div class=\"elementor-widget-container\">\n\t\t\t\t\t\t\t\t\t<p>Paasissutissat naluneqanngitsut, allanut ingerlateqqinneqartarput. Paasissutissallu taakkua uangut sinnerluta suliarisarpaat, imminnullu atugassatut atoqqusaanatik.\nSiusinnerusukkut taaneqartutuut. Paasissutissat inunnut tunngasut, soorlu ateq, e-mail, najugaq taamaallaat mianersortumik tunniunneqarsinnaapput, aammalu akuersissuteqaqqaarluni.<\/p>\t\t\t\t\t\t\t\t<\/div>\n\t\t\t\t<\/div>\n\t\t\t\t<div class=\"elementor-element elementor-element-7d40d8a6 elementor-widget elementor-widget-heading\" data-id=\"7d40d8a6\" data-element_type=\"widget\" data-e-type=\"widget\" data-widget_type=\"heading.default\">\n\t\t\t\t<div class=\"elementor-widget-container\">\n\t\t\t\t\t<h3 class=\"elementor-heading-title elementor-size-default\">Paasissutissanut paasisimasaqarneq, maalaarutillu<\/h3>\t\t\t\t<\/div>\n\t\t\t\t<\/div>\n\t\t\t\t<div class=\"elementor-element elementor-element-5490f1ac elementor-widget elementor-widget-text-editor\" data-id=\"5490f1ac\" data-element_type=\"widget\" data-e-type=\"widget\" data-widget_type=\"text-editor.default\">\n\t\t\t\t<div class=\"elementor-widget-container\">\n\t\t\t\t\t\t\t\t\t<p>Piginnaatitaajuaannarputit paasissutissat ilinnut tunngasut suut uangut atornerigut. Aammattaaq sukkulluunniit paasissutissat tamakkua atorneqartarneri unitsissinnaavatit.\nAammalu piginnaatitsissutit ilinnut tunngasut sukkulluunniit unitseqqusinnaavatit. Atorneqarneri. Paasissutissat ilinnut tunngasut kukkuneqarpata, piginnaatitaffeqarputit piaarneqarnissaannut, aaqqinneqarnissaannulluunniit. Tamanna pisarpoq uunga attaveqarnikkut: <a href=\"mailto:support@ninuuk.gl\">support@gbs.gl<\/a><\/p><p>Misigisimaguit paasissutissat ilinnut tunngasut eqqunngitsuusut, aammalu tamanna pillugu maalaaruteqarniaruit, taava uunga attaveqarsinnaavutit <a href=\"https:\/\/www.datatilsynet.dk\/rigsfaellesskabet\/lovgivning-i-groenland\">Datatilsynet<\/a>.<\/p>\t\t\t\t\t\t\t\t<\/div>\n\t\t\t\t<\/div>\n\t\t\t\t<div class=\"elementor-element elementor-element-af1d3a1 elementor-widget elementor-widget-heading\" data-id=\"af1d3a1\" data-element_type=\"widget\" data-e-type=\"widget\" data-widget_type=\"heading.default\">\n\t\t\t\t<div class=\"elementor-widget-container\">\n\t\t\t\t\t<h3 class=\"elementor-heading-title elementor-size-default\">Saqqummersitsisoq<\/h3>\t\t\t\t<\/div>\n\t\t\t\t<\/div>\n\t\t\t\t<div class=\"elementor-element elementor-element-a7a6fcc elementor-widget elementor-widget-text-editor\" data-id=\"a7a6fcc\" data-element_type=\"widget\" data-e-type=\"widget\" data-widget_type=\"text-editor.default\">\n\t\t\t\t<div class=\"elementor-widget-container\">\n\t\t\t\t\t\t\t\t\t<p>Nittartagaq uanga pigineqarpoq, saqqummiunneqarlunilu<\/p><p><br \/>Niuernermik Ilinniarfik<br \/><span class=\"elementor-icon-list-text\">Aqqusinersuaq 18<br \/><\/span><span class=\"elementor-icon-list-text\">3900 Nuuk Greenland<\/span><\/p><p>Telefon: +299 323099<br \/>GER: 19785289\u200b<br \/>GLN: 5790001953911\u200b<br \/>Email: info@gbs.gl<\/p>\t\t\t\t\t\t\t\t<\/div>\n\t\t\t\t<\/div>\n\t\t\t\t\t<\/div>\n\t\t<\/div>\n\t\t\t\t<div class=\"elementor-column elementor-col-33 elementor-top-column elementor-element elementor-element-4df07d8\" data-id=\"4df07d8\" data-element_type=\"column\" data-e-type=\"column\">\n\t\t\t<div class=\"elementor-widget-wrap\">\n\t\t\t\t\t\t\t<\/div>\n\t\t<\/div>\n\t\t\t\t\t<\/div>\n\t\t<\/section>\n\t\t\t\t<\/div>","protected":false},"excerpt":{"rendered":"<p>Privatlivspolitik Som bes\u00f8gende p\u00e5 vores website er du i sikre h\u00e6nder. Nedenfor fremg\u00e5r vores datapolitik, som omhandler de oplysninger vi indsamler for at sikre brugeroplevelsen p\u00e5 vores side. Ydermere beskriver vi, hvorfor du med ro i sj\u00e6len kan navigere rundt p\u00e5 vores side uden at bekymre dig om, om vi misbruger dine digitale fodspor p\u00e5 [&hellip;]<\/p>\n","protected":false},"author":1,"featured_media":0,"parent":0,"menu_order":0,"comment_status":"closed","ping_status":"closed","template":"","meta":{"ocean_post_layout":"","ocean_both_sidebars_style":"","ocean_both_sidebars_content_width":0,"ocean_both_sidebars_sidebars_width":0,"ocean_sidebar":"0","ocean_second_sidebar":"0","ocean_disable_margins":"enable","ocean_add_body_class":"","ocean_shortcode_before_top_bar":"","ocean_shortcode_after_top_bar":"","ocean_shortcode_before_header":"","ocean_shortcode_after_header":"","ocean_has_shortcode":"","ocean_shortcode_after_title":"","ocean_shortcode_before_footer_widgets":"","ocean_shortcode_after_footer_widgets":"","ocean_shortcode_before_footer_bottom":"","ocean_shortcode_after_footer_bottom":"","ocean_display_top_bar":"default","ocean_display_header":"default","ocean_header_style":"","ocean_center_header_left_menu":"0","ocean_custom_header_template":"0","ocean_custom_logo":0,"ocean_custom_retina_logo":0,"ocean_custom_logo_max_width":0,"ocean_custom_logo_tablet_max_width":0,"ocean_custom_logo_mobile_max_width":0,"ocean_custom_logo_max_height":0,"ocean_custom_logo_tablet_max_height":0,"ocean_custom_logo_mobile_max_height":0,"ocean_header_custom_menu":"0","ocean_menu_typo_font_family":"0","ocean_menu_typo_font_subset":"","ocean_menu_typo_font_size":0,"ocean_menu_typo_font_size_tablet":0,"ocean_menu_typo_font_size_mobile":0,"ocean_menu_typo_font_size_unit":"px","ocean_menu_typo_font_weight":"","ocean_menu_typo_font_weight_tablet":"","ocean_menu_typo_font_weight_mobile":"","ocean_menu_typo_transform":"","ocean_menu_typo_transform_tablet":"","ocean_menu_typo_transform_mobile":"","ocean_menu_typo_line_height":0,"ocean_menu_typo_line_height_tablet":0,"ocean_menu_typo_line_height_mobile":0,"ocean_menu_typo_line_height_unit":"","ocean_menu_typo_spacing":0,"ocean_menu_typo_spacing_tablet":0,"ocean_menu_typo_spacing_mobile":0,"ocean_menu_typo_spacing_unit":"","ocean_menu_link_color":"","ocean_menu_link_color_hover":"","ocean_menu_link_color_active":"","ocean_menu_link_background":"","ocean_menu_link_hover_background":"","ocean_menu_link_active_background":"","ocean_menu_social_links_bg":"","ocean_menu_social_hover_links_bg":"","ocean_menu_social_links_color":"","ocean_menu_social_hover_links_color":"","ocean_disable_title":"on","ocean_disable_heading":"default","ocean_post_title":"","ocean_post_subheading":"","ocean_post_title_style":"","ocean_post_title_background_color":"","ocean_post_title_background":0,"ocean_post_title_bg_image_position":"","ocean_post_title_bg_image_attachment":"","ocean_post_title_bg_image_repeat":"","ocean_post_title_bg_image_size":"","ocean_post_title_height":0,"ocean_post_title_bg_overlay":0.5,"ocean_post_title_bg_overlay_color":"","ocean_disable_breadcrumbs":"default","ocean_breadcrumbs_color":"","ocean_breadcrumbs_separator_color":"","ocean_breadcrumbs_links_color":"","ocean_breadcrumbs_links_hover_color":"","ocean_display_footer_widgets":"default","ocean_display_footer_bottom":"default","ocean_custom_footer_template":"0","ofc_meta_disable_footer_callout":"","ofc_meta_callout_button_url":"","ofc_meta_callout_button_txt":"","ofc_meta_callout_text":"","osh_disable_topbar_sticky":"default","osh_disable_header_sticky":"default","osh_sticky_header_style":"default","osh_sticky_header_effect":"","osh_custom_sticky_logo":0,"osh_custom_retina_sticky_logo":0,"osh_custom_sticky_logo_height":0,"osh_background_color":"","osh_links_color":"","osh_links_hover_color":"","osh_links_active_color":"","osh_links_bg_color":"","osh_links_hover_bg_color":"","osh_links_active_bg_color":"","osh_menu_social_links_color":"","osh_menu_social_hover_links_color":"","footnotes":""},"uddannelsestype":[11],"sidetype":[],"class_list":["post-5490","page","type-page","status-publish","hentry","uddannelsestype-ba","entry"],"publishpress_future_action":{"enabled":false,"date":"2026-05-10 05:37:47","action":"change-status","newStatus":"draft","terms":[],"taxonomy":"uddannelsestype","extraData":[]},"publishpress_future_workflow_manual_trigger":{"enabledWorkflows":[]},"_links":{"self":[{"href":"https:\/\/gbs.gl\/kl\/wp-json\/wp\/v2\/pages\/5490","targetHints":{"allow":["GET"]}}],"collection":[{"href":"https:\/\/gbs.gl\/kl\/wp-json\/wp\/v2\/pages"}],"about":[{"href":"https:\/\/gbs.gl\/kl\/wp-json\/wp\/v2\/types\/page"}],"author":[{"embeddable":true,"href":"https:\/\/gbs.gl\/kl\/wp-json\/wp\/v2\/users\/1"}],"replies":[{"embeddable":true,"href":"https:\/\/gbs.gl\/kl\/wp-json\/wp\/v2\/comments?post=5490"}],"version-history":[{"count":22,"href":"https:\/\/gbs.gl\/kl\/wp-json\/wp\/v2\/pages\/5490\/revisions"}],"predecessor-version":[{"id":5553,"href":"https:\/\/gbs.gl\/kl\/wp-json\/wp\/v2\/pages\/5490\/revisions\/5553"}],"wp:attachment":[{"href":"https:\/\/gbs.gl\/kl\/wp-json\/wp\/v2\/media?parent=5490"}],"wp:term":[{"taxonomy":"uddannelsestype","embeddable":true,"href":"https:\/\/gbs.gl\/kl\/wp-json\/wp\/v2\/uddannelsestype?post=5490"},{"taxonomy":"sidetype","embeddable":true,"href":"https:\/\/gbs.gl\/kl\/wp-json\/wp\/v2\/sidetype?post=5490"}],"curies":[{"name":"wp","href":"https:\/\/api.w.org\/{rel}","templated":true}]}}